{"id":1915,"date":"2026-04-14T16:19:17","date_gmt":"2026-04-14T14:19:17","guid":{"rendered":"https:\/\/larchepourtous.fr\/?page_id=1915"},"modified":"2026-04-14T16:19:17","modified_gmt":"2026-04-14T14:19:17","slug":"articles-et-ressources","status":"publish","type":"page","link":"https:\/\/larchepourtous.fr\/index.php\/articles-et-ressources\/","title":{"rendered":"Articles et ressources"},"content":{"rendered":"\n<p>Vous trouverez ici diff\u00e9rents articles concernant les animaux et leur bien \u00eatre.<\/p>\n\n\n\n<div class=\"wp-block-query alignwide is-layout-flow wp-block-query-is-layout-flow\">\n\n\n<div class=\"wp-block-group is-layout-flow wp-block-group-is-layout-flow\" style=\"margin-top:0;margin-bottom:0;padding-top:var(--wp--preset--spacing--50);padding-right:0;padding-bottom:var(--wp--preset--spacing--50);padding-left:0\"><ul class=\"has-link-color columns-3 alignfull wp-elements-2c8ae40a5b27b56475aaeca29a9028d2 wp-block-post-template has-text-color has-custom-orange-1-color is-layout-grid wp-container-core-post-template-is-layout-4764eb0f wp-block-post-template-is-layout-grid\"><li class=\"wp-block-post post-1920 post type-post status-publish format-standard has-post-thumbnail hentry category-article-conseil tag-chat tag-fiv tag-malade\">\n<figure style=\"aspect-ratio:16\/9; padding-bottom:var(--wp--preset--spacing--20);margin-bottom:0;\" class=\"wp-block-post-featured-image wp-elements-2c8ae40a5b27b56475aaeca29a9028d2\"><a href=\"https:\/\/larchepourtous.fr\/index.php\/2026\/04\/14\/le-sida-du-chat-fiv\/\" target=\"_self\"  ><img loading=\"lazy\" decoding=\"async\" width=\"1280\" height=\"294\" src=\"https:\/\/larchepourtous.fr\/wp-content\/uploads\/2025\/10\/paw-548634_1280-e1776175145392.jpg\" class=\"attachment-post-thumbnail size-post-thumbnail wp-post-image\" alt=\"Le SIDA du chat (FIV)\" style=\"width:100%;height:100%;object-fit:cover;\" srcset=\"https:\/\/larchepourtous.fr\/wp-content\/uploads\/2025\/10\/paw-548634_1280-e1776175145392.jpg 1280w, https:\/\/larchepourtous.fr\/wp-content\/uploads\/2025\/10\/paw-548634_1280-e1776175145392-300x69.jpg 300w, https:\/\/larchepourtous.fr\/wp-content\/uploads\/2025\/10\/paw-548634_1280-e1776175145392-1024x235.jpg 1024w, https:\/\/larchepourtous.fr\/wp-content\/uploads\/2025\/10\/paw-548634_1280-e1776175145392-768x176.jpg 768w\" sizes=\"auto, (max-width: 1280px) 100vw, 1280px\" \/><\/a><\/figure>\n\n\n<div class=\"wp-block-group is-vertical is-nowrap is-layout-flex wp-container-core-group-is-layout-97ba36a5 wp-block-group-is-layout-flex\" style=\"margin-top:var(--wp--preset--spacing--20);padding-top:0\"><h2 class=\"wp-block-post-title has-large-font-size wp-container-content-32e3a40d\"><a href=\"https:\/\/larchepourtous.fr\/index.php\/2026\/04\/14\/le-sida-du-chat-fiv\/\" target=\"_self\" >Le SIDA du chat (FIV)<\/a><\/h2>\n\n<div class=\"wp-block-template-part\">\n<div class=\"wp-block-group has-global-padding is-layout-constrained wp-block-group-is-layout-constrained\">\n<div class=\"wp-block-group has-custom-orange-1-color has-text-color has-link-color wp-elements-c14256402232289233955b30276a1707 is-content-justification-left is-layout-flex wp-container-core-group-is-layout-dfe8e91f wp-block-group-is-layout-flex\"><div class=\"wp-block-post-date\"><time datetime=\"2026-04-14T15:59:13+02:00\"><a href=\"https:\/\/larchepourtous.fr\/index.php\/2026\/04\/14\/le-sida-du-chat-fiv\/\">Avr 14, 2026<\/a><\/time><\/div><\/div>\n<\/div>\n<\/div>\n\n<div class=\"wp-block-post-excerpt has-text-color has-contrast-color has-small-font-size wp-container-content-32e3a40d\"><p class=\"wp-block-post-excerpt__excerpt\">Qu\u2019est-ce que c\u2019est ? Le FIV, ou sida du chat, est une maladie caus\u00e9e par un virus qui r\u00e9duit l\u2019efficacit\u00e9 du syst\u00e8me immunitaire. C\u2019est-\u00e0-dire que je suis plus vuln\u00e9rable aux maladies. Une cohabitation, c\u2019est possible ? Comme son nom l\u2019indique, cette maladie ne concerne que les chats. Elle se transmet par le sang et les\u2026 <\/p><\/div>\n\n\n<div style=\"height:0px\" aria-hidden=\"true\" class=\"wp-block-spacer wp-container-content-32e3a40d\"><\/div>\n<\/div>\n\n<\/li><li class=\"wp-block-post post-1918 post type-post status-publish format-standard has-post-thumbnail hentry category-article-conseil tag-chat tag-felv tag-leucose tag-malade\">\n<figure style=\"aspect-ratio:16\/9; padding-bottom:var(--wp--preset--spacing--20);margin-bottom:0;\" class=\"wp-block-post-featured-image wp-elements-2c8ae40a5b27b56475aaeca29a9028d2\"><a href=\"https:\/\/larchepourtous.fr\/index.php\/2026\/04\/14\/la-leucose-felv\/\" target=\"_self\"  ><img loading=\"lazy\" decoding=\"async\" width=\"1280\" height=\"294\" src=\"https:\/\/larchepourtous.fr\/wp-content\/uploads\/2025\/10\/paw-548634_1280-e1776175145392.jpg\" class=\"attachment-post-thumbnail size-post-thumbnail wp-post-image\" alt=\"La leucose (FeLV)\" style=\"width:100%;height:100%;object-fit:cover;\" srcset=\"https:\/\/larchepourtous.fr\/wp-content\/uploads\/2025\/10\/paw-548634_1280-e1776175145392.jpg 1280w, https:\/\/larchepourtous.fr\/wp-content\/uploads\/2025\/10\/paw-548634_1280-e1776175145392-300x69.jpg 300w, https:\/\/larchepourtous.fr\/wp-content\/uploads\/2025\/10\/paw-548634_1280-e1776175145392-1024x235.jpg 1024w, https:\/\/larchepourtous.fr\/wp-content\/uploads\/2025\/10\/paw-548634_1280-e1776175145392-768x176.jpg 768w\" sizes=\"auto, (max-width: 1280px) 100vw, 1280px\" \/><\/a><\/figure>\n\n\n<div class=\"wp-block-group is-vertical is-nowrap is-layout-flex wp-container-core-group-is-layout-97ba36a5 wp-block-group-is-layout-flex\" style=\"margin-top:var(--wp--preset--spacing--20);padding-top:0\"><h2 class=\"wp-block-post-title has-large-font-size wp-container-content-32e3a40d\"><a href=\"https:\/\/larchepourtous.fr\/index.php\/2026\/04\/14\/la-leucose-felv\/\" target=\"_self\" >La leucose (FeLV)<\/a><\/h2>\n\n<div class=\"wp-block-template-part\">\n<div class=\"wp-block-group has-global-padding is-layout-constrained wp-block-group-is-layout-constrained\">\n<div class=\"wp-block-group has-custom-orange-1-color has-text-color has-link-color wp-elements-c14256402232289233955b30276a1707 is-content-justification-left is-layout-flex wp-container-core-group-is-layout-dfe8e91f wp-block-group-is-layout-flex\"><div class=\"wp-block-post-date\"><time datetime=\"2026-04-14T15:54:16+02:00\"><a href=\"https:\/\/larchepourtous.fr\/index.php\/2026\/04\/14\/la-leucose-felv\/\">Avr 14, 2026<\/a><\/time><\/div><\/div>\n<\/div>\n<\/div>\n\n<div class=\"wp-block-post-excerpt has-text-color has-contrast-color has-small-font-size wp-container-content-32e3a40d\"><p class=\"wp-block-post-excerpt__excerpt\">Qu\u2019est-ce que c\u2019est ? La FeLV ou leucose f\u00e9line est un virus provoquant une immunod\u00e9ficience. \u00c7a veut dire que mon organisme ne se d\u00e9fend pas aussi bien que les autres chats. Je peux d\u00e9velopper d\u2019autres maladies \u00e0 cause de ma fragilit\u00e9. Une cohabitation, c\u2019est possible ? Comme son nom l\u2019indique, cette maladie ne concerne que\u2026 <\/p><\/div>\n\n\n<div style=\"height:0px\" aria-hidden=\"true\" class=\"wp-block-spacer wp-container-content-32e3a40d\"><\/div>\n<\/div>\n\n<\/li><\/ul>\n\n\n<div style=\"margin-top:0;margin-bottom:0;height:var(--wp--preset--spacing--40)\" aria-hidden=\"true\" class=\"wp-block-spacer\"><\/div>\n\n\n<\/div>\n<\/div>\n\n\n\n<p><\/p>\n","protected":false},"excerpt":{"rendered":"<p>Vous trouverez ici diff\u00e9rents articles concernant les animaux et leur bien \u00eatre.<\/p>\n","protected":false},"author":1,"featured_media":0,"parent":0,"menu_order":0,"comment_status":"closed","ping_status":"closed","template":"","meta":{"footnotes":""},"class_list":["post-1915","page","type-page","status-publish","hentry"],"yoast_head":"<!-- This site is optimized with the Yoast SEO plugin v26.8 - https:\/\/yoast.com\/product\/yoast-seo-wordpress\/ -->\n<title>Articles et ressources - L&#039;Arche Pour Tous<\/title>\n<meta name=\"robots\" content=\"index, follow, max-snippet:-1, max-image-preview:large, max-video-preview:-1\" \/>\n<link rel=\"canonical\" href=\"https:\/\/larchepourtous.fr\/index.php\/articles-et-ressources\/\" \/>\n<meta property=\"og:locale\" content=\"fr_FR\" \/>\n<meta property=\"og:type\" content=\"article\" \/>\n<meta property=\"og:title\" content=\"Articles et ressources - L&#039;Arche Pour Tous\" \/>\n<meta property=\"og:description\" content=\"Vous trouverez ici diff\u00e9rents articles concernant les animaux et leur bien \u00eatre.\" \/>\n<meta property=\"og:url\" content=\"https:\/\/larchepourtous.fr\/index.php\/articles-et-ressources\/\" \/>\n<meta property=\"og:site_name\" content=\"L&#039;Arche Pour Tous\" \/>\n<meta property=\"article:publisher\" content=\"https:\/\/www.facebook.com\/profile.php?id=100089602710119\" \/>\n<meta property=\"og:image\" content=\"https:\/\/larchepourtous.fr\/wp-content\/uploads\/2024\/02\/1.jpg\" \/>\n\t<meta property=\"og:image:width\" content=\"1200\" \/>\n\t<meta property=\"og:image:height\" content=\"675\" \/>\n\t<meta property=\"og:image:type\" content=\"image\/jpeg\" \/>\n<meta name=\"twitter:card\" content=\"summary_large_image\" \/>\n<meta name=\"twitter:label1\" content=\"Dur\u00e9e de lecture estim\u00e9e\" \/>\n\t<meta name=\"twitter:data1\" content=\"1 minute\" \/>\n<script type=\"application\/ld+json\" class=\"yoast-schema-graph\">{\"@context\":\"https:\/\/schema.org\",\"@graph\":[{\"@type\":\"WebPage\",\"@id\":\"https:\/\/larchepourtous.fr\/index.php\/articles-et-ressources\/\",\"url\":\"https:\/\/larchepourtous.fr\/index.php\/articles-et-ressources\/\",\"name\":\"Articles et ressources - L&#039;Arche Pour Tous\",\"isPartOf\":{\"@id\":\"https:\/\/larchepourtous.fr\/#website\"},\"datePublished\":\"2026-04-14T14:19:17+00:00\",\"breadcrumb\":{\"@id\":\"https:\/\/larchepourtous.fr\/index.php\/articles-et-ressources\/#breadcrumb\"},\"inLanguage\":\"fr-FR\",\"potentialAction\":[{\"@type\":\"ReadAction\",\"target\":[\"https:\/\/larchepourtous.fr\/index.php\/articles-et-ressources\/\"]}]},{\"@type\":\"BreadcrumbList\",\"@id\":\"https:\/\/larchepourtous.fr\/index.php\/articles-et-ressources\/#breadcrumb\",\"itemListElement\":[{\"@type\":\"ListItem\",\"position\":1,\"name\":\"Accueil\",\"item\":\"https:\/\/larchepourtous.fr\/\"},{\"@type\":\"ListItem\",\"position\":2,\"name\":\"Articles et ressources\"}]},{\"@type\":\"WebSite\",\"@id\":\"https:\/\/larchepourtous.fr\/#website\",\"url\":\"https:\/\/larchepourtous.fr\/\",\"name\":\"L'Arche Pour Tous\",\"description\":\"Association de sauvetage pour tous les animaux\",\"publisher\":{\"@id\":\"https:\/\/larchepourtous.fr\/#organization\"},\"potentialAction\":[{\"@type\":\"SearchAction\",\"target\":{\"@type\":\"EntryPoint\",\"urlTemplate\":\"https:\/\/larchepourtous.fr\/?s={search_term_string}\"},\"query-input\":{\"@type\":\"PropertyValueSpecification\",\"valueRequired\":true,\"valueName\":\"search_term_string\"}}],\"inLanguage\":\"fr-FR\"},{\"@type\":\"Organization\",\"@id\":\"https:\/\/larchepourtous.fr\/#organization\",\"name\":\"L'Arche Pour Tous\",\"url\":\"https:\/\/larchepourtous.fr\/\",\"logo\":{\"@type\":\"ImageObject\",\"inLanguage\":\"fr-FR\",\"@id\":\"https:\/\/larchepourtous.fr\/#\/schema\/logo\/image\/\",\"url\":\"https:\/\/larchepourtous.fr\/wp-content\/uploads\/2024\/01\/croppedimage-7b0f60f4e09a43e385e42ae48cc49001.png\",\"contentUrl\":\"https:\/\/larchepourtous.fr\/wp-content\/uploads\/2024\/01\/croppedimage-7b0f60f4e09a43e385e42ae48cc49001.png\",\"width\":140,\"height\":140,\"caption\":\"L'Arche Pour Tous\"},\"image\":{\"@id\":\"https:\/\/larchepourtous.fr\/#\/schema\/logo\/image\/\"},\"sameAs\":[\"https:\/\/www.facebook.com\/profile.php?id=100089602710119\",\"https:\/\/www.instagram.com\/larchepourtous\/\"]}]}<\/script>\n<!-- \/ Yoast SEO plugin. -->","yoast_head_json":{"title":"Articles et ressources - L&#039;Arche Pour Tous","robots":{"index":"index","follow":"follow","max-snippet":"max-snippet:-1","max-image-preview":"max-image-preview:large","max-video-preview":"max-video-preview:-1"},"canonical":"https:\/\/larchepourtous.fr\/index.php\/articles-et-ressources\/","og_locale":"fr_FR","og_type":"article","og_title":"Articles et ressources - L&#039;Arche Pour Tous","og_description":"Vous trouverez ici diff\u00e9rents articles concernant les animaux et leur bien \u00eatre.","og_url":"https:\/\/larchepourtous.fr\/index.php\/articles-et-ressources\/","og_site_name":"L&#039;Arche Pour Tous","article_publisher":"https:\/\/www.facebook.com\/profile.php?id=100089602710119","og_image":[{"width":1200,"height":675,"url":"https:\/\/larchepourtous.fr\/wp-content\/uploads\/2024\/02\/1.jpg","type":"image\/jpeg"}],"twitter_card":"summary_large_image","twitter_misc":{"Dur\u00e9e de lecture estim\u00e9e":"1 minute"},"schema":{"@context":"https:\/\/schema.org","@graph":[{"@type":"WebPage","@id":"https:\/\/larchepourtous.fr\/index.php\/articles-et-ressources\/","url":"https:\/\/larchepourtous.fr\/index.php\/articles-et-ressources\/","name":"Articles et ressources - L&#039;Arche Pour Tous","isPartOf":{"@id":"https:\/\/larchepourtous.fr\/#website"},"datePublished":"2026-04-14T14:19:17+00:00","breadcrumb":{"@id":"https:\/\/larchepourtous.fr\/index.php\/articles-et-ressources\/#breadcrumb"},"inLanguage":"fr-FR","potentialAction":[{"@type":"ReadAction","target":["https:\/\/larchepourtous.fr\/index.php\/articles-et-ressources\/"]}]},{"@type":"BreadcrumbList","@id":"https:\/\/larchepourtous.fr\/index.php\/articles-et-ressources\/#breadcrumb","itemListElement":[{"@type":"ListItem","position":1,"name":"Accueil","item":"https:\/\/larchepourtous.fr\/"},{"@type":"ListItem","position":2,"name":"Articles et ressources"}]},{"@type":"WebSite","@id":"https:\/\/larchepourtous.fr\/#website","url":"https:\/\/larchepourtous.fr\/","name":"L'Arche Pour Tous","description":"Association de sauvetage pour tous les animaux","publisher":{"@id":"https:\/\/larchepourtous.fr\/#organization"},"potentialAction":[{"@type":"SearchAction","target":{"@type":"EntryPoint","urlTemplate":"https:\/\/larchepourtous.fr\/?s={search_term_string}"},"query-input":{"@type":"PropertyValueSpecification","valueRequired":true,"valueName":"search_term_string"}}],"inLanguage":"fr-FR"},{"@type":"Organization","@id":"https:\/\/larchepourtous.fr\/#organization","name":"L'Arche Pour Tous","url":"https:\/\/larchepourtous.fr\/","logo":{"@type":"ImageObject","inLanguage":"fr-FR","@id":"https:\/\/larchepourtous.fr\/#\/schema\/logo\/image\/","url":"https:\/\/larchepourtous.fr\/wp-content\/uploads\/2024\/01\/croppedimage-7b0f60f4e09a43e385e42ae48cc49001.png","contentUrl":"https:\/\/larchepourtous.fr\/wp-content\/uploads\/2024\/01\/croppedimage-7b0f60f4e09a43e385e42ae48cc49001.png","width":140,"height":140,"caption":"L'Arche Pour Tous"},"image":{"@id":"https:\/\/larchepourtous.fr\/#\/schema\/logo\/image\/"},"sameAs":["https:\/\/www.facebook.com\/profile.php?id=100089602710119","https:\/\/www.instagram.com\/larchepourtous\/"]}]}},"_links":{"self":[{"href":"https:\/\/larchepourtous.fr\/index.php\/wp-json\/wp\/v2\/pages\/1915","targetHints":{"allow":["GET"]}}],"collection":[{"href":"https:\/\/larchepourtous.fr\/index.php\/wp-json\/wp\/v2\/pages"}],"about":[{"href":"https:\/\/larchepourtous.fr\/index.php\/wp-json\/wp\/v2\/types\/page"}],"author":[{"embeddable":true,"href":"https:\/\/larchepourtous.fr\/index.php\/wp-json\/wp\/v2\/users\/1"}],"replies":[{"embeddable":true,"href":"https:\/\/larchepourtous.fr\/index.php\/wp-json\/wp\/v2\/comments?post=1915"}],"version-history":[{"count":4,"href":"https:\/\/larchepourtous.fr\/index.php\/wp-json\/wp\/v2\/pages\/1915\/revisions"}],"predecessor-version":[{"id":1926,"href":"https:\/\/larchepourtous.fr\/index.php\/wp-json\/wp\/v2\/pages\/1915\/revisions\/1926"}],"wp:attachment":[{"href":"https:\/\/larchepourtous.fr\/index.php\/wp-json\/wp\/v2\/media?parent=1915"}],"curies":[{"name":"wp","href":"https:\/\/api.w.org\/{rel}","templated":true}]}}